{"id":21,"date":"2019-02-26T17:08:40","date_gmt":"2019-02-26T16:08:40","guid":{"rendered":"http:\/\/euwp08.newsmemory.com\/gardaseezeitung_new\/news\/?page_id=21"},"modified":"2023-03-10T12:01:17","modified_gmt":"2022-10-11T12:01:17","slug":"museen","status":"publish","type":"page","link":"https:\/\/www.gardaseezeitung.it\/museen\/","title":{"rendered":"Museen"},"content":{"rendered":"<h3><span style=\"color: #000000\"><img alt=\"Museen\" title=\"Museen\" loading=\"lazy\" class=\"alignnone wp-image-4551\" src=\"https:\/\/euwp05.newsmemory.com\/gardaseezeitung_new\/de\/wp-content\/uploads\/sites\/2\/2020\/07\/Stemma-ComuneBresciawww.jpg\" alt=\"\" width=\"74\" height=\"100\" \/><\/span><br \/>\n<span style=\"color: #000000\"><strong>BRESCIA<\/strong><\/span><\/h3>\n<p><span style=\"color: #000000\"><b><\/b> <b><\/b> <b><\/b> <b><\/b> <b><\/b> <b>Capitolino-Tempel<\/b><\/span><br \/>\n<span style=\"color: #000000\">Via Musei 57\/a \u2013 Di.-So. 11-16 Uhr, Mo. geschlossen<\/span><br \/>\n<span style=\"color: #000000\"><b>Mille Miglia-Museum<\/b> Via delle Rimembranze 3 c\/o S. Eufemia-Kloster\u00a0 Tel. 030 3365631 \u2013 Di.-So. 10-18 Uhr, Mo. geschlossen<\/span><br \/>\n<span style=\"color: #000000\"><b>Palazzo della Loggia<\/b><\/span><br \/>\n<span style=\"color: #000000\">Piazza della Loggia \u2013 Tel. 0302977217 Mo.-Fr. 9-12.30\/14-19 Uhr, Sa. 9-12.30 Uhr<\/span><br \/>\n<span style=\"color: #000000\"><b>Palazzo <em>Martinengo<\/em><\/b> Via Musei 30 \u2013 Tel. 0302807934 &#8211; Zutritt vom Book Shop \u2013 Di.-Fr. 9-12\/15-18 Uhr, Mo. geschlossen, Sa. u. So. geschlossen, wenn keine Ausstellungen sind<\/span><br \/>\n<span style=\"color: #000000\"><b>R\u00f6mische Basilika<\/b><\/span><br \/>\n<span style=\"color: #000000\">Piazza Labus 3 \u2013 Tel. 030290196 \u2013 Mo.-Fr. 9-13 Uhr<\/span><br \/>\n<span style=\"color: #000000\"><b>S. Giulia-Kloster &#8211; St\u00e4dtisches Museum\u00a0 <\/b>\u00a0 \u00a0 \u00a0 \u00a0 \u00a0 \u00a0 \u00a0 \u00a0 \u00a0 \u00a0 \u00a0 \u00a0 \u00a0 \u00a0 \u00a0 \u00a0 \u00a0 \u00a0 \u00a0 \u00a0 \u00a0 \u00a0 \u00a0 \u00a0 \u00a0 \u00a0 \u00a0 \u00a0 \u00a0 \u00a0 \u00a0 \u00a0 \u00a0 \u00a0 \u00a0 \u00a0 \u00a0 \u00a0 \u00a0 \u00a0 \u00a0 \u00a0 Via dei Musei 81\/b \u2013 Tel. 030 2977834 Di.-Fr. 9-17 Uhr \u2013 Sa. 10-21 Uhr \u2013 So. 10-18 Uhr\u00a0 Mo. geschlossen<\/span><br \/>\n<span style=\"color: #000000\"><b>Schloss<\/b> Via del Castello\u00a0 \u2013 Mo.-So. 8-20 Uhr<\/span><br \/>\n<span style=\"color: #000000\"><b><\/b> <b>St\u00e4dtisches Museum des Risorgimento<\/b> (Schloss)<\/span><br \/>\n<span style=\"color: #000000\">Tel. 030 44176\u00a0 Di.-So. 9.30-17 Uhr, Mo. geschlossen<\/span><br \/>\n<span style=\"color: #000000\"><b>St\u00e4dtisches naturwissenschaftliches Museum\u00a0<\/b><\/span><br \/>\n<span style=\"color: #000000\">Via Ozanam 4 \u2013 Tel. 030 2978672 \u2013 Mo.-So. 9-17 Uhr<\/span><br \/>\n<span style=\"color: #000000\"><b>St\u00e4dtische Pinakothek <em>Tosio Martinengo<\/em><\/b><\/span><br \/>\n<span style=\"color: #000000\">Via Martinengo da Barco 1 \u2013 Tel. 030 3774999 Di.-Fr. 9-17 Uhr \u2013 Sa. 10-21 Uhr \u2013 So. 10-18 Uhr\u00a0 Mo. geschlossen<\/span><br \/>\n<span style=\"color: #000000\"><b>St\u00e4dtisches Waffenmuseum\u00a0<\/b><\/span><br \/>\n<span style=\"color: #000000\">Schloss \u2013 Visconteo-Hauptturm \u2013 030 293292 Di.-Fr. 9-17 Uhr \u2013 Sa. So. 10-18 Uhr.\u00a0 Mo. geschlossen<\/span><br \/>\n<span style=\"color: #000000\"><b>Teatro Grande<\/b><\/span><br \/>\n<span style=\"color: #000000\">Via Paganora 19\/a \u2013 Tel. 030 2979311 Besichtigung nach Voranmeldung<\/span><\/p>\n<h3><span style=\"color: #000000\"><img alt=\"Museen\" title=\"Museen\" loading=\"lazy\" class=\"alignnone wp-image-4553\" src=\"https:\/\/euwp05.newsmemory.com\/gardaseezeitung_new\/de\/wp-content\/uploads\/sites\/2\/2020\/07\/Stemma-_solo-Com-di-Mantova.png\" alt=\"\" width=\"79\" height=\"100\" \/><\/span><br \/>\n<span style=\"color: #000000\"><strong>MANTUA<\/strong><\/span><\/h3>\n<p><span style=\"color: #000000\"><strong>Palazzo Te<\/strong><\/span><br \/>\n<span style=\"color: #000000\">Viale Te 13 \u2013 Tel. 0376 323266<br \/>\nMo. 13-19 Uhr und Di.-So. 9-19.30 Uhr <\/span><br \/>\n<span style=\"color: #000000\"><strong>Mantegna-Haus<\/strong><\/span><br \/>\n<span style=\"color: #000000\">Via Acerbi 47 \u2013 Tel. 0376 360506 \u2013 Di.-Fr. 10-12.30\/ 15-18 Uhr, Sa. u. So. 10-18 Uhr (im Laufe von Ausstellungen), Mo. geschlossen \u2013 Mo.-Fr. 9-12.30; Mo. u.Do. 14.30-16.30 (Besichtigungen nach Voranmeldung)<\/span><br \/>\n<span style=\"color: #000000\"><strong>Museum der Di\u00f6zese <em>F. Gonzaga<\/em><\/strong><\/span><br \/>\n<span style=\"color: #000000\">Piazza Virgiliana 55 \u2013 Tel. 0376 320602 &#8211; Mi.-So. 9.30-12\/15-17.30 Uhr, Mo. u. Di. nur f\u00fcr Gruppen nach Voranmeldung<\/span><br \/>\n<span style=\"color: #000000\"><strong>Palazzo Ducale (Camera degli Sposi* und Castello di San Giorgio)<\/strong><\/span><br \/>\n<span style=\"color: #000000\">Piazza Sordello 40\u00a0&#8211;\u00a0Di.-So. 8.45-19.15 Uhr,\u00a0 Mo. geschlossen<br \/>\n<em>www.mantovaducale.beniculturali.it<\/em><br \/>\n(*) Reservierung erforderlich auf\u00a0<em>www.ducalemantova.org<br \/>\n<\/em> <strong>Maca Museo Collezioni Antiche &#8211; Palazzo San Sebastiano<\/strong><\/span><br \/>\n<span style=\"color: #000000\">Largo 24 Maggio 12 &#8211; Tel. 0376-367087Mo. 13-18; Di.-So. 9-18<\/span><br \/>\n<span style=\"color: #000000\"><strong>Wissenschaftliches Theater <em>Bibiena<\/em><\/strong><\/span><br \/>\n<span style=\"color: #000000\">Via Accademia &#8211; Tel. 0376 288208 Di.-Fr. 10-13\/15-18; Sa., So. 10-18<\/span><\/p>\n<h3><span style=\"color: #000000\"><strong><img alt=\"Museen\" title=\"Museen\" loading=\"lazy\" class=\"alignnone wp-image-4554\" src=\"https:\/\/euwp05.newsmemory.com\/gardaseezeitung_new\/de\/wp-content\/uploads\/sites\/2\/2020\/07\/Stemma-Comune-trento-e1596198539913.jpg\" alt=\"\" width=\"71\" height=\"100\" \/><\/strong><\/span><\/h3>\n<p><span style=\"color: #000000\"><strong>TRIENT<\/strong><\/span><\/p>\n<p><span style=\"color: #000000\"><b>MART, Museum f\u00fcr moderne\u00a0<\/b> <b>und zeitgen\u00f6ssische Kunst<\/b><\/span><br \/>\n<span style=\"color: #000000\"><strong>Trento\u00a0<\/strong>Via R. da Sanseverino 45 \u00a0\u2013 zurzeit geschlossen<\/span><br \/>\n<span style=\"color: #000000\"><strong>Rovereto<\/strong> <strong>(TN)<\/strong> Corso Bettini 43; \u2013 Tel. 800 397760 Di.-So. 10-18 Uhr, Fr. 10-21 Uhr, Mo. geschlossen<\/span><br \/>\n<span style=\"color: #000000\"><b><\/b> <b>MuSE<\/b> Corso del Lavoro e della Scienza 3; Trento\u00a0 Di.-Fr. \u200b10.00-18.00 &#8211; Sa.: \u200b10.00-19.00 &#8211; So. &amp; Feiertage: \u200b10.00-19.00 (Montag geschlossen)<\/span><br \/>\n<span style=\"color: #000000\"><b><\/b> <b>Museum der Trientiner Br\u00e4uche<\/b><\/span><br \/>\n<span style=\"color: #000000\">Via Mach 1, San Michele all\u2019Adige \u2013 Tel. 0461 650314 Mo.-So. 9-12.30\/14.30-18 Uhr<\/span><br \/>\n<span style=\"color: #000000\"><b>Museum der\u00a0 Tridentiner Di\u00f6zese<\/b><\/span><br \/>\n<span style=\"color: #000000\">Palazzo Pretorio, Piazza Duomo 18 \u2013 Tel. 0461 234419 &#8211; Mo.-So. 9.30-12.30\/14.30-18 Uhr &#8211; Di. geschlossen<\/span><br \/>\n<span style=\"color: #000000\"><b>Museum des Castello del Buonconsiglio<\/b><\/span><br \/>\n<span style=\"color: #000000\">Via B. Clesio 5 \u2013 Tel. 0461 233770 Di.-So. 10-18 Uhr (15.5.-18.11.), in den anderen Monaten 9.30-17 Uhr, Mo. geschlossen<\/span><\/p>\n<h3><span style=\"color: #000000\"><img alt=\"Museen\" title=\"Museen\" loading=\"lazy\" class=\"alignnone wp-image-4555\" src=\"https:\/\/euwp05.newsmemory.com\/gardaseezeitung_new\/de\/wp-content\/uploads\/sites\/2\/2020\/07\/Stemma_comune_Verona.png\" alt=\"\" width=\"60\" height=\"122\" \/><\/span><\/h3>\n<p><span style=\"color: #000000\"><strong>VERONA<\/strong><\/span><\/p>\n<p><span style=\"color: #000000\"><b>AFRIKANISCHES MUSEUM\u00a0<\/b><\/span><br \/>\n<span style=\"color: #000000\">S. Giovanni in Valle \u2013 V.lo Pozzo 1\u00a0 Tel. 045 8092199 &#8211; Di.-Sa. 9-12.30 Uhr\/14.30-17.30;\u00a0 Sonn- und Feiertags 14-18 Uhr, Mo. geschlossen<\/span><br \/>\n<span style=\"color: #000000\"><b>AMPHITHEATER ARENA\u00a0<\/b><\/span><br \/>\n<span style=\"color: #000000\">Piazza Bra \u2013 Tel. 045 8003204 Mo.-So. 8.30-19.30 Uhr; an Auff\u00fchrungstagen\u00a0 schlie\u00dft die Arena um 17 Uhr (Kasse 16 Uhr)<\/span><br \/>\n<span style=\"color: #000000\"><b>Galerie der modernen Kunst\u00a0<\/b> <em><b>Palazzo Forti\u00a0<\/b><br \/>\n<\/em>Corso Sant\u2019Anastasia \u2013 Tel. 045 8001903 \u00d6ffnungszeiten richten sich nach den Ausstellungen <b>Giusti-Garten<\/b><\/span><br \/>\n<span style=\"color: #000000\">Via Giardino Giusti 2 \u2013 Tel. 045 8034029 &#8211; t\u00e4glich ge\u00f6ffnet (April-September 9-20 Uhr; Oktober-M\u00e4rz 9-19 Uhr)<\/span><br \/>\n<span style=\"color: #000000\"><b>Giuliettas Grab \u00a0<\/b><\/span><br \/>\n<span style=\"color: #000000\">Via del Pontiere 35 \u2013 Tel. 045 8000361 Di.-So. 8.30-19.30 Uhr, Mo. 13.30-19.30 Uhr <b>Giuliettas Haus<br \/>\n<\/b> Via Cappello 23 \u2013 Tel. 045 8034303 Di.-So. 8.30-19.30 Uhr, Mo. 13.30-19.30 Uhr<\/span><br \/>\n<span style=\"color: #000000\"><b>Lamberti Turm\u00a0<\/b><\/span><br \/>\n<span style=\"color: #000000\">Via della Costa 1\u00a0 Tel. 045 9273027 &#8211; Mo.-So. 8.30-19.30 Uhr (bis zum 31.5.) &#8211; Mo.-So. 8.30-20.30 Uhr; freitags 8.30-23 Uhr (1.6.bis 30.9.)<\/span><br \/>\n<span style=\"color: #000000\"><b>Lapidarium Museum <em>Maffei<\/em><\/b><\/span><br \/>\n<span style=\"color: #000000\">Piazza Bra 28 \u2013 Tel. 045 590087 Di.-So. 8.30-14 Uhr, Mo. geschlossen<\/span><br \/>\n<span style=\"color: #000000\"><b>Museum des Castelvecchio<\/b> Corso Castelvecchio Di.-So. 8.30-19.30 Uhr, Mo. 13.30-19.30 Uhr<\/span><br \/>\n<span style=\"color: #000000\"><b>Naturwissenschaftliches Museum<\/b><\/span><br \/>\n<span style=\"color: #000000\">Lungadige Porta Vittoria 9\u00a0 Tel. 045 8079400 Mo.-Do. 9-17 Uhr, Sa. 9-13.30 Uhr, So. 14-18 Uhr,\u00a0 Fr. geschlossen<\/span><br \/>\n<span style=\"color: #000000\"><b>R\u00f6misches Theater\u00a0<\/b> <b>(Arch\u00e4ologisches Museum)\u00a0<\/b><\/span><br \/>\n<span style=\"color: #000000\">Via Rigaste Redentore 2 \u2013 Tel. 045 8000360 Di.-So. 8.30-19.30 Uhr; Mo. 13.30-19.30 Uhr<\/span><\/p>\n<p>&nbsp;<\/p>\n<p><span style=\"color: #000000\"><img alt=\"Museen\" title=\"Museen\" loading=\"lazy\" class=\"size-full wp-image-4559\" src=\"https:\/\/euwp05.newsmemory.com\/gardaseezeitung_new\/de\/wp-content\/uploads\/sites\/2\/2020\/07\/puntosclamaWEB-e1596203997876.jpg\" alt=\"\" width=\"36\" height=\"34\" \/><\/span><br \/>\n<span style=\"color: #000000\">Die \u00d6ffnungen und \u00d6ffnungszeiten sind die, die zum Zeitpunkt des Drucks vorlagen. Infolge der Anti-Covid19-Sicherheitsprotokolle kann es jedoch zu Absagen und \u00c4nderungen kommen: Es ist ratsam &#8211; wenn m\u00f6glich &#8211; selbst zu kontrollieren bevor man sich vor Ort begibt.<\/span><\/p>\n","protected":false},"excerpt":{"rendered":"","protected":false},"author":1,"featured_media":0,"parent":0,"menu_order":1551200920,"comment_status":"closed","ping_status":"closed","template":"","meta":[],"_links":{"self":[{"href":"https:\/\/www.gardaseezeitung.it\/gardaseezeitung_new\/de\/wp-json\/wp\/v2\/pages\/21"}],"collection":[{"href":"https:\/\/www.gardaseezeitung.it\/gardaseezeitung_new\/de\/wp-json\/wp\/v2\/pages"}],"about":[{"href":"https:\/\/www.gardaseezeitung.it\/gardaseezeitung_new\/de\/wp-json\/wp\/v2\/types\/page"}],"author":[{"embeddable":true,"href":"https:\/\/www.gardaseezeitung.it\/gardaseezeitung_new\/de\/wp-json\/wp\/v2\/users\/1"}],"replies":[{"embeddable":true,"href":"https:\/\/www.gardaseezeitung.it\/gardaseezeitung_new\/de\/wp-json\/wp\/v2\/comments?post=21"}],"version-history":[{"count":14,"href":"https:\/\/www.gardaseezeitung.it\/gardaseezeitung_new\/de\/wp-json\/wp\/v2\/pages\/21\/revisions"}],"predecessor-version":[{"id":12840,"href":"https:\/\/www.gardaseezeitung.it\/gardaseezeitung_new\/de\/wp-json\/wp\/v2\/pages\/21\/revisions\/12840"}],"wp:attachment":[{"href":"https:\/\/www.gardaseezeitung.it\/gardaseezeitung_new\/de\/wp-json\/wp\/v2\/media?parent=21"}],"curies":[{"name":"wp","href":"https:\/\/api.w.org\/{rel}","templated":true}]}}