{"id":3930,"date":"2020-02-26T11:19:47","date_gmt":"2020-02-26T10:19:47","guid":{"rendered":"http:\/\/euwp08.newsmemory.com\/gardaseezeitung_new\/de\/telefonnummern-und-adressen\/"},"modified":"2023-03-10T15:13:09","modified_gmt":"2022-10-11T15:13:09","slug":"telefonnummern-und-adressen","status":"publish","type":"page","link":"https:\/\/www.gardaseezeitung.it\/telefonnummern-und-adressen\/","title":{"rendered":"Telefonnummern und Adressen"},"content":{"rendered":"<p><strong>DESENZANO<\/strong><br \/>\nEinwohner: 26.319. Ortsteile: Rivoltella, San Martino. Postleitzahl: 25015. Touristen-informationsb\u00fcro IAT: Via Porto Vecchio, T. 030 3748726, Fax 030 9144209. Vereinigung der Hoteliers: Via Porto Vecchio 34, T. 030 9991351, Fax 030 9914583. Postamt: (Desenzano) Via Crocefisso 23, T. 9147611; (Rivoltella) Via Prato Maggiore, T. 030 9110370. Polizei: Carabinieri, Viale G. Marconi 57, T. 030 9149300\/030 9141521. Stadtpolizei: Via Gramsci 17, T. 030 9143572. Automobilclub (ACI): Via Mezzocolle 6\/E, T. 030 9141171. Unfallhilfe: Krankenhaus, Loc. Monte Croce, T. 030 91451. Taxi: T. 030 9141527.<\/p>\n<p><strong>BARDOLINO<\/strong><br \/>\nEinwohner: 6.418. Ortsteile: Cisano, Calmasino. Postleitzahl: 37011. Touristen-informationsb\u00fcro IAT: P.le A. Moro 5, T. 045 7210078. Vereinigung der Hoteliers: Piazzale Aldo Moro 4, T. 045 6210654. Postamt: Bardolino, Via Madonnina 1, T. 045 6210799. Polizei: Carabinieri, Via G. Leopardi 3, T. 045 6212777. Stadtpolizei: T. 045 6210775. Automobilclub (ACI): Via U. Foscolo 19, T. 045 6212000. Unfallhilfe: Krankenhaus in Caprino, T. 045 6207111; Krankenwagen Rotes Kreuz, T. 045 7211135; Guardia Medica, T. 045 6450712. Taxi: T. 045 7210350.<\/p>\n<p><strong>BRENZONE SUL GARDA<\/strong><br \/>\nEinwohner: 2.519. Ortsteile: Assenza, Biaza, Boccino, Borago, Campo, Castelletto, Castello, Fasor, Magugnano, Mariga, Porto, Pozzo, Prada, Sommavilla, Venzo, Zignano. Postleitzahl: 37010. Touristeninformationsb\u00fcro\u00a0IAT: Loc. Porto di Brenzone, T. 045 7420076 (Sommersaison). Vereinigung der Hoteliers: Via Zanardelli 22, T. 045 7420897. Postamt: Brenzone, Via XX Settembre, T. 045 7420070. Polizei: Carabinieri, in Malcesine. Stadtpolizei: c\/o Municipio (Rathaus), Via XX Settembre 12, T. 045 6589580\/1\/2. Automobilclub (ACI): In Malcesine. Unfallhilfe: Krankenhaus in Malcesine, Guardia Medica, T. 045 6589342. Taxi: T. 045 7420042, 340 5204343, 349 5175846.<\/p>\n<p><strong>CASTELNUOVO DEL GARDA<\/strong><br \/>\nEinwohner: 13.287. Ortsteile: Cavalcaselle, Oliosi, Sandr\u00e0, Camalavicina, Campagnarossa, Mischi, Mongabia, Ronchi, San Lorenzo, Silani, Spagnoi, Volperara, Zenati, Zuccotti. Postleitzahl: 37014. Touristeninformationsb\u00fcro: Gemeindehaus, Piazza degli Alpini, 4 &#8211; T. 045 6459920, Fax 045 6459921. Postamt: Via del Fante 10, T. 045 6459249. Stadtpolizei: via Carducci, 14 &#8211; T. 045 6459983 Fax 045 6459921. Automobilclub (ACI): In Peschiera del Garda. Unfallhilfe: Privatklinik Pedersoli Via Monte Baldo 24 in Peschiera, T. 045 644 9111. Guardia Medica: Via Gianfilippi, 1 &#8211; T. 045 7614565<\/p>\n<p><strong>GARDA<\/strong><br \/>\nEinwohner: 3.802. Ortsteile: S. Vigilio. Postleitzahl: 37016. Touristeninformationsb\u00fcro IAT: Via Donatori di Sangue 1, 13 T. 045 6270384, Fax 045 7256720. Vereinigung der Hoteliers: Via Don Gnocchi 17, T. 045 7255824. Postamt: Via Abrile 1, T. 045 6271911. Polizei: Carabinieri, in Caprino, Via G. Sandri 7, T. 045 6245300. Stadtpolizei: c\/o Municipio (Rathaus), Lungolago Regina Adelaide 12, T. 045 7256566. Automobilclub (ACI): In Bardolino. Unfallhilfe: Krankenhaus in Caprino, T. 045 6207111, Guardia Medica, T. 045 6589342.<\/p>\n<p><strong>GARDONE RIVIERA<\/strong><br \/>\nEinwohner: 2.502. Ortsteile: Gardone Sopra, Gardone Sotto, Fasano Sopra, Fasano Sotto, Morgnaga, S. Michele, Tresnico. Postleitzahl: 25083. Touristeninformationsb\u00fcro\u00a0IAT: Via Repubblica 8, T.\/Fax 0365 20347. Vereinigung der Hoteliers: C.a.r.g., Via Repubblica 6, T. 0365 20636. Postamt: Gardone, Piazzetta Mario Camerini 1, T. 0365 20862; Fasano sotto, Via Zanardelli, T. 0365 20863. Polizei: Carabinieri, Via Fiume 14, T. 0365 20210. Stadtpolizei: T. 0365 20179. Unfallhilfe: Krankenhaus in Sal\u00f2.<\/p>\n<p><strong>GARGNANO<\/strong><br \/>\nEinwohner: 3.279. Ortsteile: Bogliaco, Costa, Formaga, Fornico, Liano, Musaga, Muslone, Navazzo, Sasso, Villa, Zuino. Postleitzahl: 25084. Touristeninformationsb\u00fcro: Via Roma, 45 &#8211; T. 0365 042100; Vereinigung der Hoteliers: Piazza Boldini 2, T. 0365 791243, Fax 0365 791243. Postamt: Gargnano, Via Parrocchia 1, T. 0365 71130; Bogliaco, Via Libert\u00e0 22, T. 0365 71147; Navazzo, Via Navazzo, T. 0365 72921. Polizei: Carabinieri, Via Libert\u00e0 90, T. 0365 71000. Stadtpolizei: Via del Ruc 2, T. 0365 71237. Unfallhilfe: Krankenhaus in Sal\u00f2<\/p>\n<p><strong>LAZISE<\/strong><br \/>\nEinwohner: 6.437. Ortsteile: Pacengo, Col\u00e0. Postleitzahl: 37017. Touristeninformationsb\u00fcro IAT: Via F. Fontana 14, T. 045 7580114, Fax 045 7581040. Vereinigung der Hoteliers: beim Fremdenverkehrsamt IAT, T. 045 7580114. Postamt: Via Scolari 30, T. 045 7580089. Stadtpolizei: Piazza Vittorio Emanuele, T. 045 7580688. Automobilclub (ACI): In Peschiera del Garda. Unfallhilfe: Krankenhaus in Peschiera; Guardia Medica, T. 045 6450712<\/p>\n<p><strong>LIMONE SUL GARDA<\/strong><br \/>\nEinwohner: 1.030. Postleitzahl: 25010. Informationsb\u00fcro: Via 4 Novembre, T. 0365 918987. Vereinigung der Hoteliers: Via 4 No vembre, T. 0365 954720. Postamt: Via Caldogno 1, T. 0365 954746. Polizei: Carabinieri, Via Tamas 6, T. 0365 954027. Stadtpolizei: Via Monsignor D. Comboni 3, T. 0365 954744. Unfallhilfe: Krankenhaus in Arco, T. 0464 582222.<\/p>\n<p><strong>MALCESINE<\/strong><br \/>\nEinwohner: 3.582. Ortsteile: Cassone, Navene. Postleitzahl: 37010, 37018. Touristeninformationsb\u00fcro IAT: Via Capitanato 6\/8, T. 045 7400044. Tourismus-Amt: T. 045 7400837. Vereinigung der Hoteliers: Via Gardesana, T.\/Fax 045 7400373. Postamt: Via Gardesana Centro 37, T. 045 6589011. Polizei: Carabinieri, Via Scuisse 3, T. 045 7400026. Stadtpolizei: c\/o Municipio (Rathaus), P. Statuto, T. 045 6589924. Automobilclub (ACI): Localit\u00e0 Dos de Feri, T. 045 7401263. Unfallhilfe: Krankenhaaus, T. 045 6589311, Guardia Medica, T. 045 6589342. Taxi: T. +39 333 7659726; 045 7400341; 045 7400605.<\/p>\n<p><strong>MANERBA DEL GARDA<\/strong><br \/>\nEinwohner: 3.751. Ortsteile: Pieve, Balbiana, Solarolo, Montinelle, Gardoncino. Postleitzahl: 25080. Touristeninformationsb\u00fcro: Manerba Servizi Turistici, via Zanardelli 17 T. 0365\/552745. Postamt: Via Boschetti 1, T. 0365 551033. Polizei: Carabinieri, Viale Rimambranze, T. 0365 551010. Stadtpolizei: Via Valtenesi 48, T. 0365 552025. Automobilclub (ACI): In Sal\u00f2. Unfallhilfe: Krankenhaus in Sal\u00f2. Taxi: T. 0365 551032. Moniga del Garda Einwohner: 2.140. Postleitzahl: 25080. Touristeninformationsb\u00fcro IAT: Piazza S. Martino 1, T. 0365 502015 (Sommersaison). Postamt: Piazza S. Martino, T. 0365 502032. Polizei: Carabinieri in Manerba. Stadtpolizei: c\/o Municipio (Rathaus), Piazza S. Martino 1, T. 0365 502003. Automobilclub (ACI): In Sal\u00f2. Unfallhilfe: Krankenhaus in Desenzano.<\/p>\n<p><strong>NAGO &#8211; TORBOLE<\/strong><br \/>\nEinwohner: 2.283. Ortsteile: Tempesta. Postleitzahl: 38060, 38069. Fremdenverkehrsamt (APT): Lungolago Verona 19, T. 0464 505177, Fax 0464 505643. Vereinigung der Hoteliers: In Riva del Garda, T. 0464 557118. Postamt: Via Strada Granda 1, T. 0464 506045. Polizei: Carabinieri, Via Scuole 54, T. 0464 505933. Stadtpolizei: Via Matteotti 48, T. 0464 549530. Unfallhilfe: Krankenhaus in Arco, T. 0464 582222. Taxi: T. 0464 505122.<\/p>\n<p><strong>PADENGHE SUL GARDA<\/strong><br \/>\nEinwohner: 4.150. Ortsteile: Monte, Castello, Pratello. Postleitzahl: 25080. Fremden-verkehrsamt (Pro Loco): Via Italo Barbieri 3, T. 030 9908889, Fax 030 9908889. Postamt: Via Canonica, T. 030 9907055. Polizei: Carabinieri in Manerba. Stadtpolizei: Via Barbieri 3, T. 030 9995671. Automobilclub (ACI): In Desenzano. Unfallhilfe: Krankenhaus in Desenzano.<\/p>\n<p><strong>PESCHIERA DEL GARDA<\/strong><br \/>\nEinwohner: 8780. Ortsteile: S. Benedetto di Lugana. Postleitzahl: 37019. Tourism Peschiera Infopoint: P.le Betteloni 15, T. 045 7550810 Ask@tourismpeschiera.info Vereinigung der Hoteliers: T. 045 7550555. Postamt: Via Venezia 25, T. 045 7551000. Polizei: Carabinieri, Via Generale Dall\u2018Ora 15, T. 045 6463000. Automobilclub (ACI): Via Marzan 4, T. 045 6401164. Unfallhilfe: Krankenhaus, T. 045 6449111; Guardia Medica, T. 045 6450712. Taxi: T. 045 7552348.<\/p>\n<p><strong>RIVA DEL GARDA<\/strong><br \/>\nEinwohner: 15.246. Ortsteile: Varone, San Nazzaro, San Alessandro, Campi, Pregasina. Postleitzahl: 38066. Fremdenverkehrsamt (APT): Giardini di P.ta Orientale 8, T. 0464 554444, Fax 0464 520308. Vereinigung der Hoteliers: Viale Rovereto 13, T. 0464 557118. Postamt: Via G. Segantini 5, T. 0464 554148; Varone, T. 0464 552331. Polizei: Carabinieri, Viale degli Oleandri 10, T. 0464 576300 &#8211; 0464 576324. Stadtpolizei: Via Liberazione 7, T. 0464 553231. Unfallhilfe: Krankenhaus in Arco, T. 0464 582222. Taxi: T.0464 552200 &#8211; 0464 551400<\/p>\n<p><strong>S. FELICE DEL BENACO<\/strong><br \/>\nEinwohner: 2.990. Ortsteile: Portese, Cisano. Postleitzahl: 25010. Komunales Touristik-B\u00fcro im Rathaus: T. 0365 62541. Postamt: Piazza Innocenzo Moniga 1, T. 0365 62026.Polizei: Carabinieri, in Sal\u00f2. Stadtpolizei: c\/o Municipio (Rathaus), Via XX Settembre 11, T. 0365 558604. Automobilclub (ACI): In Sal\u00f2. Unfallhilfe: Krankenhaus in Sal\u00f2.<\/p>\n<p><strong>SALO\u2018<\/strong><br \/>\nEinwohner: 10.316. Ortsteile: Barbarano, Campoerde, Renzano, San Bartolomeo, Serniga, Villa. Postleitzahl: 25087. Touristeninformationsb\u00fcro: Piazza S. Antonio 4 &#8211; T. 030 3748745 Vereinigung der Hoteliers: In Gardone. Postamt: Via Canottieri, T. 0365 440811. Polizei: Carabinieri, Via del Panorama 6, T. 0365 40240. Stadtpolizei: Piazza Bresciani 15, T. 0365 522500. Automobilclub (ACI): Via Brunati 24, T. 0365 43745. Unfallhilfe: Krankenhaus in Gavardo, T. 0365 3781, Krankenhaus in Sal\u00f2, Piazza Bresciani 5, T. 0365 2971. Taxi: T. 0365 43516.<\/p>\n<p><strong>SIRMIONE<\/strong><br \/>\nEinwohner: 7.562. Ortsteile: Colombare, Lugana, Rovizza. Postleitzahl: 25019. Touristen-informationsb\u00fcro IAT: Viale Marconi 2, T. 030 3748721, Fax 030 916222. Vereinigung der Hoteliers: Zona Campiello (Colombare), T. 030 919322 (Sommersaison). Postamt: Lungolago Faselo Bitinico 1, T. 030 916195. Polizei: Carabinieri, P.zza Casagrande, T. 030 9906777 Stadt-polizei: Alfieri (Colombare), T. 030 9905772. Automobilclub (ACI): In Desenzano. Unfallhilfe: Kranken-haus in Desenzano. Taxi: 030 916082.<\/p>\n<p><strong>TIGNALE SUL GARDA<\/strong><br \/>\nEinwohner: 1203. Ortsteile: Gardola, Aer, Montecastello, Morele, Oldesio, Piovere, Pra&#8216; Da Bont, Prabione. Postleitzahl: 25080. Touristeninformationsb\u00fcro IAT: Via Europa, 7 T.\u00a00365 73354; . Postamt: Via Provinciale, 3, 25080 Gardola T. 0365 760233. Polizei: Gargnano (BS) Via della Libert\u00e0 90 Tel. 0365 71000. Stadtpolizei: piazza Umberto I, 1 T. 0365 73017 F. 0365760137; Automobilclub (ACI): In Gavardo. Unfallhilfe: Krankenhaus in Gavardo, T. 0365 3781.<\/p>\n<p><strong>TORRI DEL BENACO<\/strong><br \/>\nEinwohner: 2.832. Ortsteile: Albisano, Pai. Postleitzahl: 37010. Touristeninformationsb\u00fcro IAT: Viale Fratelli Lavanda 22, Tel\/Fax 045 7225120 (Sommersaison). Vereinigung der Hoteliers: Viale Fratelli Lavanda, T.\/Fax 045 6296482. Postamt: Via Gardesana 66, T. 045 6296230. Polizei: Carabinieri, Via Gardesana 80, T. 045 7225092. Stadtpolizei: c\/o Municipio (Rathaus), Viale Fratelli Lavanda 3, T. 045 6205806. Automobilclub (ACI): In Malcesine und Bardolino. Unfallhilfe: Krankenhaus in Malcesine. Guardia Medica, T. 045 6589342. Taxi: T. 045 6290049.<\/p>\n<p><strong>TOSCOLANO-MADERNO<\/strong><br \/>\nEinwohner: 7.683. Ortsteile: Bezzuglio, Cecina, Gaino, Vigole, Pulciano, Roina, Sanico, Maclino. Postleitzahl: 25088 (T), 25080 (M). Touristeninformationsb\u00fcro IAT: Via Lungolago Zanardelli 15, T.\/Fax 0365 641330. Postamt: Maderno, Via Statale 3, T. 0365 540729; Toscolano, Largo Matteotti 13, T. 0365 641009. Polizei: Carabinieri, Via Solino 24, T. 0365 641156. Stadtpolizei: Via Trento 5, T. 0365 540610. Unfallhilfe: Krankenhaus in Sal\u00f2.<\/p>\n<p><strong>TREMOSINE<\/strong><br \/>\nEinwohner: 2.104. Ortsteile: Arias, Bassanega, Cadignano, Campione, Castone, Mezzema, Musio, Pieve, Pregasio, Prezzo, Secastello, Sermerio, Sompriezzo, Vesio, Ustecchio, Villa, Voltino. Postleitzahl: 25010. Informationsb\u00fcro: Viale Ugo Foscolo s3, T. 0365 515114. Postamt: Via Papa Giovanni XXIII, T. 0365 953009. Polizei: Carabinieri, in Limone. Stadtpolizei: Via Papa Giovanni XXIII, T. 0365 953575. Unfallhilfe: Krankenhaus in Arco, T. 0464 582222. Krankenhaus in Gav<em>ardo, T. 0365 3781.<\/em><\/p>\n<p><em>Die Gardasee Zeitung ist nicht verantwortlich f\u00fcr eventuelle \u00c4nderungen der Daten<\/em><\/p>\n<hr \/>\n<p>&nbsp;<\/p>\n","protected":false},"excerpt":{"rendered":"","protected":false},"author":1,"featured_media":0,"parent":0,"menu_order":1582715987,"comment_status":"closed","ping_status":"closed","template":"","meta":[],"_links":{"self":[{"href":"https:\/\/www.gardaseezeitung.it\/gardaseezeitung_new\/de\/wp-json\/wp\/v2\/pages\/3930"}],"collection":[{"href":"https:\/\/www.gardaseezeitung.it\/gardaseezeitung_new\/de\/wp-json\/wp\/v2\/pages"}],"about":[{"href":"https:\/\/www.gardaseezeitung.it\/gardaseezeitung_new\/de\/wp-json\/wp\/v2\/types\/page"}],"author":[{"embeddable":true,"href":"https:\/\/www.gardaseezeitung.it\/gardaseezeitung_new\/de\/wp-json\/wp\/v2\/users\/1"}],"replies":[{"embeddable":true,"href":"https:\/\/www.gardaseezeitung.it\/gardaseezeitung_new\/de\/wp-json\/wp\/v2\/comments?post=3930"}],"version-history":[{"count":6,"href":"https:\/\/www.gardaseezeitung.it\/gardaseezeitung_new\/de\/wp-json\/wp\/v2\/pages\/3930\/revisions"}],"predecessor-version":[{"id":12852,"href":"https:\/\/www.gardaseezeitung.it\/gardaseezeitung_new\/de\/wp-json\/wp\/v2\/pages\/3930\/revisions\/12852"}],"wp:attachment":[{"href":"https:\/\/www.gardaseezeitung.it\/gardaseezeitung_new\/de\/wp-json\/wp\/v2\/media?parent=3930"}],"curies":[{"name":"wp","href":"https:\/\/api.w.org\/{rel}","templated":true}]}}